{"id":2447,"date":"2023-04-19T02:29:56","date_gmt":"2023-04-19T02:29:56","guid":{"rendered":"https:\/\/www.staging.pullnerfilter.com\/?page_id=2447"},"modified":"2023-04-19T02:34:04","modified_gmt":"2023-04-19T02:34:04","slug":"%d8%ae%d8%b1%d8%b7%d9%88%d8%b4%d8%a9-%d9%81%d9%84%d8%aa%d8%b1-%d8%a7%d9%84%d9%85%d9%8a%d8%a7%d9%87-%d8%a7%d9%84%d9%85%d8%b7%d9%88%d9%8a%d8%a9-phfz-pp-%d9%84%d9%85%d9%83%d8%ab%d9%81%d8%a7%d8%aa-%d8%ba","status":"publish","type":"page","link":"https:\/\/www.staging.pullnerfilter.com\/ar\/%d8%ae%d8%b1%d8%b7%d9%88%d8%b4%d8%a9-%d9%81%d9%84%d8%aa%d8%b1-%d8%a7%d9%84%d9%85%d9%8a%d8%a7%d9%87-%d8%a7%d9%84%d9%85%d8%b7%d9%88%d9%8a%d8%a9-phfz-pp-%d9%84%d9%85%d9%83%d8%ab%d9%81%d8%a7%d8%aa-%d8%ba\/","title":{"rendered":"\u062e\u0631\u0637\u0648\u0634\u0629 \u0641\u0644\u062a\u0631 \u0627\u0644\u0645\u064a\u0627\u0647 \u0627\u0644\u0645\u0637\u0648\u064a\u0629 PHFZ PP \u0644\u0645\u0643\u062b\u0641\u0627\u062a \u063a\u0644\u0627\u064a\u0627\u062a \u0645\u062d\u0637\u0627\u062a \u062a\u0648\u0644\u064a\u062f \u0627\u0644\u0643\u0647\u0631\u0628\u0627\u0621"},"content":{"rendered":"<div data-elementor-type=\"wp-page\" data-elementor-id=\"2447\" class=\"elementor elementor-2447\" data-elementor-post-type=\"page\">\n\t\t\t\t\t\t<section class=\"elementor-section elementor-top-section elementor-element elementor-element-43331eb7 elementor-section-boxed elementor-section-height-default elementor-section-height-default\" data-id=\"43331eb7\" data-element_type=\"section\" data-e-type=\"section\">\n\t\t\t\t\t\t<div class=\"elementor-container elementor-column-gap-default\">\n\t\t\t\t\t<div class=\"elementor-column elementor-col-50 elementor-top-column elementor-element elementor-element-791a045e\" data-id=\"791a045e\" data-element_type=\"column\" data-e-type=\"column\">\n\t\t\t<div class=\"elementor-widget-wrap elementor-element-populated\">\n\t\t\t\t\t\t<div class=\"elementor-element elementor-element-1baf1354 elementor-arrows-position-inside elementor-pagination-position-outside elementor-widget elementor-widget-image-carousel\" data-id=\"1baf1354\" data-element_type=\"widget\" data-e-type=\"widget\" data-settings=\"{&quot;slides_to_show&quot;:&quot;1&quot;,&quot;navigation&quot;:&quot;both&quot;,&quot;autoplay&quot;:&quot;yes&quot;,&quot;pause_on_hover&quot;:&quot;yes&quot;,&quot;pause_on_interaction&quot;:&quot;yes&quot;,&quot;autoplay_speed&quot;:5000,&quot;infinite&quot;:&quot;yes&quot;,&quot;effect&quot;:&quot;slide&quot;,&quot;speed&quot;:500}\" data-widget_type=\"image-carousel.default\">\n\t\t\t\t<div class=\"elementor-widget-container\">\n\t\t\t\t\t\t\t<div class=\"elementor-image-carousel-wrapper swiper\" role=\"region\" aria-roledescription=\"carousel\" aria-label=\"\u0643\u0627\u0631\u0648\u0633\u064a\u0644 \u062f\u064a \u0625\u064a\u0645\u0627\u062c\u0646\u0633\" dir=\"ltr\">\n\t\t\t<div class=\"elementor-image-carousel swiper-wrapper swiper-image-stretch\" aria-live=\"off\">\n\t\t\t\t\t\t\t\t<div class=\"swiper-slide\" role=\"group\" aria-roledescription=\"slide\" aria-label=\"1 de 3\"><figure class=\"swiper-slide-inner\"><img decoding=\"async\" class=\"swiper-slide-image\" src=\"https:\/\/www.staging.pullnerfilter.com\/wp-content\/uploads\/2023\/04\/PHFZ-PP-Pleated-Water-Filter-Cartridge-for-Power-Plant-Boiler-Condensate-2.jpg\" alt=\"\u062e\u0631\u0637\u0648\u0634\u0629 \u0641\u0644\u062a\u0631 \u0627\u0644\u0645\u064a\u0627\u0647 \u0627\u0644\u0645\u0637\u0648\u064a\u0629 PHFZ PP \u0644\u0645\u0643\u062b\u0641\u0627\u062a \u063a\u0644\u0627\u064a\u0627\u062a \u0645\u062d\u0637\u0627\u062a \u062a\u0648\u0644\u064a\u062f \u0627\u0644\u0637\u0627\u0642\u0629 2\" \/><\/figure><\/div><div class=\"swiper-slide\" role=\"group\" aria-roledescription=\"slide\" aria-label=\"2 de 3\"><figure class=\"swiper-slide-inner\"><img decoding=\"async\" class=\"swiper-slide-image\" src=\"https:\/\/www.staging.pullnerfilter.com\/wp-content\/uploads\/2023\/04\/PHFZ-PP-Pleated-Water-Filter-Cartridge-for-Power-Plant-Boiler-Condensate.jpg\" alt=\"\u062e\u0631\u0637\u0648\u0634\u0629 \u0641\u0644\u062a\u0631 \u0627\u0644\u0645\u064a\u0627\u0647 \u0627\u0644\u0645\u0637\u0648\u064a\u0629 PHFZ PP \u0644\u0645\u0643\u062b\u0641\u0627\u062a \u063a\u0644\u0627\u064a\u0627\u062a \u0645\u062d\u0637\u0627\u062a \u062a\u0648\u0644\u064a\u062f \u0627\u0644\u0643\u0647\u0631\u0628\u0627\u0621\" \/><\/figure><\/div><div class=\"swiper-slide\" role=\"group\" aria-roledescription=\"slide\" aria-label=\"3 de 3\"><figure class=\"swiper-slide-inner\"><img decoding=\"async\" class=\"swiper-slide-image\" src=\"https:\/\/www.staging.pullnerfilter.com\/wp-content\/uploads\/2023\/04\/PHFZ-PP-Pleated-Water-Filter-Cartridge-for-Power-Plant-Boiler-Condensate-application.jpg\" alt=\"\u062e\u0631\u0637\u0648\u0634\u0629 \u0641\u0644\u062a\u0631 \u0627\u0644\u0645\u064a\u0627\u0647 \u0627\u0644\u0645\u0637\u0648\u064a\u0629 PHFZ PP \u0644\u062e\u0631\u0637\u0648\u0634\u0629 \u0641\u0644\u062a\u0631 \u0627\u0644\u0645\u064a\u0627\u0647 \u0627\u0644\u0645\u0637\u0648\u064a\u0629 \u0644\u0645\u0643\u062b\u0641\u0627\u062a \u063a\u0644\u0627\u064a\u0627\u062a \u0645\u062d\u0637\u0627\u062a \u062a\u0648\u0644\u064a\u062f \u0627\u0644\u0637\u0627\u0642\u0629\" \/><\/figure><\/div>\t\t\t<\/div>\n\t\t\t\t\t\t\t\t\t\t\t\t<div class=\"elementor-swiper-button elementor-swiper-button-prev\" role=\"button\" tabindex=\"0\">\n\t\t\t\t\t\t<i aria-hidden=\"true\" class=\"eicon-chevron-left\"><\/i>\t\t\t\t\t<\/div>\n\t\t\t\t\t<div class=\"elementor-swiper-button elementor-swiper-button-next\" role=\"button\" tabindex=\"0\">\n\t\t\t\t\t\t<i aria-hidden=\"true\" class=\"eicon-chevron-right\"><\/i>\t\t\t\t\t<\/div>\n\t\t\t\t\n\t\t\t\t\t\t\t\t\t<div class=\"swiper-pagination\"><\/div>\n\t\t\t\t\t\t\t\t\t<\/div>\n\t\t\t\t\t\t<\/div>\n\t\t\t\t<\/div>\n\t\t\t\t\t<\/div>\n\t\t<\/div>\n\t\t\t\t<div class=\"elementor-column elementor-col-50 elementor-top-column elementor-element elementor-element-4b375f7e\" data-id=\"4b375f7e\" data-element_type=\"column\" data-e-type=\"column\">\n\t\t\t<div class=\"elementor-widget-wrap elementor-element-populated\">\n\t\t\t\t\t\t<div class=\"elementor-element elementor-element-1f5d75cb elementor-widget elementor-widget-heading\" data-id=\"1f5d75cb\" data-element_type=\"widget\" data-e-type=\"widget\" data-widget_type=\"heading.default\">\n\t\t\t\t<div class=\"elementor-widget-container\">\n\t\t\t\t\t<h1 class=\"elementor-heading-title elementor-size-default\">\u062e\u0631\u0637\u0648\u0634\u0629 \u0641\u0644\u062a\u0631 \u0627\u0644\u0645\u064a\u0627\u0647 \u0627\u0644\u0645\u0637\u0648\u064a\u0629 PHFZ PP \u0644\u0645\u0643\u062b\u0641\u0627\u062a \u063a\u0644\u0627\u064a\u0627\u062a \u0645\u062d\u0637\u0627\u062a \u062a\u0648\u0644\u064a\u062f \u0627\u0644\u0643\u0647\u0631\u0628\u0627\u0621<\/h1>\t\t\t\t<\/div>\n\t\t\t\t<\/div>\n\t\t\t\t<div class=\"elementor-element elementor-element-305a40bf elementor-widget elementor-widget-text-editor\" data-id=\"305a40bf\" data-element_type=\"widget\" data-e-type=\"widget\" data-widget_type=\"text-editor.default\">\n\t\t\t\t<div class=\"elementor-widget-container\">\n\t\t\t\t\t\t\t\t\t<p>\u062e\u0631\u0637\u0648\u0634\u0629 \u0627\u0644\u0641\u0644\u062a\u0631 \u0627\u0644\u0645\u0637\u0648\u064a \u0645\u0646 \u0633\u0644\u0633\u0644\u0629 PHFZ \u0647\u064a \u0646\u0648\u0639 \u0645\u0646 <a href=\"https:\/\/www.pullnerfilter.com\/pleated-filter-cartridges\/\">\u062e\u0631\u0637\u0648\u0634\u0629 \u0641\u0644\u062a\u0631 \u0645\u0637\u0648\u064a<\/a> \u064a\u0645\u0643\u0646 \u063a\u0633\u0644\u0647\u0627 \u0645\u0631\u0627\u0631\u064b\u0627 \u0648\u062a\u0643\u0631\u0627\u0631\u064b\u0627. \u064a\u062a\u0645 \u062a\u0634\u0643\u064a\u0644\u0647\u0627 \u062c\u0645\u064a\u0639\u064b\u0627 \u0639\u0646 \u0637\u0631\u064a\u0642 \u0627\u0644\u0644\u062d\u0627\u0645 \u0628\u0627\u0644\u0630\u0648\u0628\u0627\u0646 \u0627\u0644\u0633\u0627\u062e\u0646\u060c \u0645\u0639 \u0639\u062f\u0645 \u0648\u062c\u0648\u062f \u062a\u0644\u0648\u062b \u062b\u0627\u0646\u0648\u064a \u0648\u0639\u062f\u0645 \u0648\u062c\u0648\u062f \u0627\u0646\u0633\u0643\u0627\u0628 \u0644\u0644\u0648\u0633\u0627\u0626\u0637.<\/p><p>\u0648\u0647\u064a \u0645\u0635\u0645\u0645\u0629 \u062e\u0635\u064a\u0635\u064b\u0627 \u0644\u0645\u0639\u0627\u0644\u062c\u0629 \u0627\u0644\u0645\u0643\u062b\u0641\u0627\u062a \u0627\u0644\u0645\u0643\u0631\u0631\u0629 \u0644\u0645\u062d\u0637\u0629 \u0627\u0644\u0637\u0627\u0642\u0629. \u0648\u0641\u0642\u064b\u0627 \u0644\u0634\u0643\u0644 \u0627\u0644\u0647\u064a\u0643\u0644 \u064a\u0645\u0643\u0646 \u062a\u0642\u0633\u064a\u0645\u0647 \u0625\u0644\u0649 PHFZ-I (7 \u0623\u0642\u0633\u0627\u0645)\u060c PHFZ-II (4+3) \u0648 PHFZ-II (3+1) \u062b\u0644\u0627\u062b\u0629 \u0623\u0646\u0648\u0627\u0639 \u0645\u0646 \u0627\u0644\u0645\u0646\u062a\u062c\u0627\u062a\u060c \u062e\u0631\u0637\u0648\u0634\u0629 \u0627\u0644\u0641\u0644\u062a\u0631 \u0645\u0646 \u0627\u0644\u0646\u0648\u0639 PHFZ-II (4+3) 40 \u201c\u064830\u201d \u0645\u0644\u062d\u0648\u0645\u0629\u060c \u064a\u0628\u0644\u063a \u0642\u0637\u0631\u0647\u0627 \u0627\u0644\u0625\u062c\u0645\u0627\u0644\u064a 69 \u0645\u0646\u062a\u062c\u064b\u0627 \u0647\u064a\u0643\u0644\u064a\u064b\u0627.<\/p>\t\t\t\t\t\t\t\t<\/div>\n\t\t\t\t<\/div>\n\t\t\t\t<div class=\"elementor-element elementor-element-35dad322 elementor-align-left elementor-widget elementor-widget-button\" data-id=\"35dad322\" data-element_type=\"widget\" data-e-type=\"widget\" data-widget_type=\"button.default\">\n\t\t\t\t<div class=\"elementor-widget-container\">\n\t\t\t\t\t\t\t\t\t<div class=\"elementor-button-wrapper\">\n\t\t\t\t\t<a class=\"elementor-button elementor-button-link elementor-size-md\" href=\"\/ar\/%d8%a7%d8%aa%d8%b5%d9%84-%d8%a8%d9%86%d8%a7\/\">\n\t\t\t\t\t\t<span class=\"elementor-button-content-wrapper\">\n\t\t\t\t\t\t\t\t\t<span class=\"elementor-button-text\">\u0623\u0631\u0633\u0644 \u0627\u0633\u062a\u0641\u0633\u0627\u0631\u0643 \u0627\u0644\u0622\u0646<\/span>\n\t\t\t\t\t<\/span>\n\t\t\t\t\t<\/a>\n\t\t\t\t<\/div>\n\t\t\t\t\t\t\t\t<\/div>\n\t\t\t\t<\/div>\n\t\t\t\t\t<\/div>\n\t\t<\/div>\n\t\t\t\t\t<\/div>\n\t\t<\/section>\n\t\t\t\t<section class=\"elementor-section elementor-top-section elementor-element elementor-element-13e73fc3 elementor-section-boxed elementor-section-height-default elementor-section-height-default\" data-id=\"13e73fc3\" data-element_type=\"section\" data-e-type=\"section\">\n\t\t\t\t\t\t<div class=\"elementor-container elementor-column-gap-default\">\n\t\t\t\t\t<div class=\"elementor-column elementor-col-100 elementor-top-column elementor-element elementor-element-7f1374f4\" data-id=\"7f1374f4\" data-element_type=\"column\" data-e-type=\"column\">\n\t\t\t<div class=\"elementor-widget-wrap elementor-element-populated\">\n\t\t\t\t\t\t<div class=\"elementor-element elementor-element-11a7a0b9 elementor-widget elementor-widget-text-editor\" data-id=\"11a7a0b9\" data-element_type=\"widget\" data-e-type=\"widget\" data-widget_type=\"text-editor.default\">\n\t\t\t\t<div class=\"elementor-widget-container\">\n\t\t\t\t\t\t\t\t\t<p><strong>\u0627\u0644\u062a\u0637\u0628\u064a\u0642<\/strong><\/p><p>\u062a\u0648\u0644\u064a\u062f \u0627\u0644\u0637\u0627\u0642\u0629: \u062a\u0644\u0645\u064a\u0639 \u0627\u0644\u0645\u0643\u062b\u0641\u0627\u062a\u060c \u0648\u0645\u0639\u0627\u0644\u062c\u0629 \u0645\u064a\u0627\u0647 \u0627\u0644\u062a\u0628\u0631\u064a\u062f \u0627\u0644\u062b\u0627\u0628\u062a\u0629\u060c \u0625\u0644\u062e.<\/p><p><strong>\u0627\u0644\u0645\u0648\u0627\u0635\u0641\u0627\u062a \u0627\u0644\u0641\u0646\u064a\u0629<\/strong><\/p><ol><li><strong>\u0645\u0648\u0627\u062f \u0627\u0644\u0628\u0646\u0627\u0621<\/strong><\/li><\/ol><table width=\"376\"><tbody><tr><td width=\"158\"><p>\u0648\u0633\u0627\u0626\u0637 \u0627\u0644\u062a\u0631\u0634\u064a\u062d<\/p><\/td><td width=\"217\"><p>\u0628\u0648\u0644\u064a \u0628\u0631\u0648\u0628\u064a\u0644\u064a\u0646<\/p><\/td><\/tr><tr><td width=\"158\"><p>\u0627\u0644\u0623\u063a\u0637\u064a\u0629 \u0627\u0644\u062f\u0627\u062e\u0644\u064a\u0629\/\u0627\u0644\u063a\u0644\u0627\u0641 \u0627\u0644\u062e\u0627\u0631\u062c\u064a\/\u0627\u0644\u063a\u0644\u0627\u0641 \u0627\u0644\u062e\u0627\u0631\u062c\u064a<\/p><\/td><td width=\"217\"><p>\u0628\u0648\u0644\u064a \u0628\u0631\u0648\u0628\u064a\u0644\u064a\u0646 \u0645\u0639\u0632\u0632<\/p><\/td><\/tr><\/tbody><\/table><p><strong>\u062e\u0627\u0635\u064a\u0629 \u0627\u0644\u062a\u0634\u063a\u064a\u0644<\/strong><\/p><table width=\"376\"><tbody><tr><td width=\"215\"><p>\u062f\u0631\u062c\u0629 \u0627\u0644\u062d\u0631\u0627\u0631\u0629 \u0627\u0644\u0642\u0635\u0648\u0649<\/p><\/td><td width=\"161\"><p>85\u2103<\/p><\/td><\/tr><tr><td width=\"215\"><p>\u0627\u0644\u0636\u063a\u0637 \u0627\u0644\u062a\u0641\u0627\u0636\u0644\u064a \u0627\u0644\u0623\u0642\u0635\u0649<\/p><\/td><td width=\"161\"><p>3.0 \u0628\u0627\u0631\/65 \u2103<\/p><\/td><\/tr><tr><td width=\"215\"><p>\u0645\u0646\u0637\u0642\u0629 \u0627\u0644\u062a\u0635\u0641\u064a\u0629<\/p><\/td><td width=\"161\"><p>6.5\u33a1<\/p><\/td><\/tr><tr><td width=\"215\"><p>\u0645\u0639\u062f\u0644 \u0627\u0644\u062a\u062f\u0641\u0642<\/p><\/td><td width=\"161\"><p>3.5-4.5m<sup>3<\/sup>\/\u062d \uff08\u062a\u0635\u0645\u064a\u0645\uff09<\/p><p>3.9m<sup>3<\/sup>\/\u062d \uff08\u062a\u0648\u0635\u064a\u0629\uff09<\/p><\/td><\/tr><tr><td width=\"215\"><p>\u062c\u0648\u062f\u0629 \u0627\u0644\u0645\u064a\u0627\u0647<\/p><\/td><td width=\"161\"><p>\uff1c 2000 \u062c\u0632\u0621 \u0641\u064a \u0627\u0644\u0628\u0644\u064a\u0648\u0646<\/p><\/td><\/tr><\/tbody><\/table><p>\u0633\u0639\u0629 \u0645\u0627\u0621 \u0627\u0644\u063a\u0633\u064a\u0644 \u0627\u0644\u0639\u0643\u0633\u064a \u0648\u0627\u0644\u0647\u0648\u0627\u0621: \u062a\u062d\u062a \u0636\u063a\u0637 1.36-2.1 \u0628\u0627\u0631\u060c \u062a\u0628\u0644\u063a \u0645\u064a\u0627\u0647 \u0627\u0644\u063a\u0633\u064a\u0644 \u0627\u0644\u0639\u0643\u0633\u064a \u0644\u0643\u0644 \u062e\u0631\u0637\u0648\u0634\u0629 \u0641\u0644\u062a\u0631 0.45-0.65 \u0645<sup>3<\/sup>\/ \u0633\u0627\u0639\u0629\u060c \u0648\u062a\u0628\u0644\u063a \u0633\u0639\u0629 \u0647\u0648\u0627\u0621 \u0627\u0644\u063a\u0633\u064a\u0644 \u0627\u0644\u0639\u0643\u0633\u064a 3.4-5 \u0645<sup>3<\/sup>\/ \u0633\u0627\u0639\u0629\u060c \u0648\u0647\u0648 \u0645\u0627 \u064a\u0645\u0643\u0646 \u0623\u0646 \u064a\u062d\u0642\u0642 \u0627\u0644\u062a\u0623\u062b\u064a\u0631 \u0627\u0644\u0645\u062b\u0627\u0644\u064a.<\/p><p>\u064a\u0648\u0635\u0649 \u0628\u0648\u062d\u062f\u0629 \u0641\u0648\u0642 \u0627\u0644\u062d\u0631\u062c\u0629 \u0628\u0642\u062f\u0631\u0629 600 \u0645\u064a\u062c\u0627\u0648\u0627\u062a \u0648\u0648\u062d\u062f\u0629 \u0641\u0648\u0642 \u0627\u0644\u062d\u0631\u062c\u0629 \u0628\u0642\u062f\u0631\u0629 1000 \u0645\u064a\u062c\u0627\u0648\u0627\u062a \u0628\u062f\u0642\u0629 4 \u0645\u064a\u0643\u0631\u0648\u0645\u062a\u0631 \u06481 \u0645\u064a\u0643\u0631\u0648\u0645\u062a\u0631 70 \u0628\u0648\u0635\u0629 \u062e\u0631\u0637\u0648\u0634\u0629 \u0641\u0644\u062a\u0631 70 \u0645\u064a\u0643\u0631\u0648\u0645\u062a\u0631\u060c \u0639\u0644\u0649 \u0627\u0644\u062a\u0648\u0627\u0644\u064a. \u064a\u0648\u0635\u0649 \u0628\u0627\u0633\u062a\u062e\u062f\u0627\u0645 \u0645\u0631\u0634\u062d 10 \u0645\u064a\u0643\u0631\u0648\u0645\u062a\u0631 \u0644\u0644\u062a\u0634\u063a\u064a\u0644.<\/p><p><strong>\u0645\u0639\u0644\u0648\u0645\u0627\u062a \u0627\u0644\u0637\u0644\u0628 <\/strong><\/p><p>phfz pp 0500 0500 70 III Z2 W<\/p><table width=\"663\"><tbody><tr><td width=\"57\"><p>\u0627\u0644\u0633\u0644\u0633\u0644\u0629<\/p><\/td><td width=\"124\"><p>\u0627\u0644\u0645\u0648\u0627\u062f<\/p><\/td><td width=\"97\"><p>\u0645\u064a\u0643\u0631\u0648\u0646<\/p><\/td><td width=\"64\"><p>\u0627\u0644\u0637\u0648\u0644<\/p><\/td><td width=\"112\"><p>\u0627\u0644\u0647\u064a\u0643\u0644<\/p><\/td><td width=\"124\"><p>\u062e\u064a\u0637 \u0627\u0644\u0627\u062a\u0635\u0627\u0644<\/p><\/td><td width=\"86\"><p>\u0646\u0647\u0627\u064a\u0629 \u0627\u0644\u0645\u062f\u0627\u0633<\/p><\/td><\/tr><tr><td width=\"57\"><p>PHFZ<\/p><\/td><td width=\"124\"><p>PP = \u0628\u0648\u0644\u064a \u0628\u0631\u0648\u0628\u064a\u0644\u064a\u0646<\/p><\/td><td width=\"97\"><p>0100=1.0 \u0645\u064a\u0643\u0631\u0648\u0645\u062a\u0631<\/p><p>0400=4.0 \u0645\u064a\u0643\u0631\u0648\u0645\u062a\u0631<\/p><p>1000=10 \u0645\u064a\u0643\u0631\u0648\u0645\u062a\u0631<\/p><\/td><td width=\"64\"><p>60=60\u2033<\/p><p>70=70\u2033<\/p><\/td><td width=\"112\"><p>\u0637=7-\u0627\u0644\u062c\u0632\u0621 (69)<\/p><p>II=4+3+3 \uff08\u03c665\uff09<\/p><p>III=3+1+1 \uff08\u03c669\uff09<\/p><\/td><td width=\"124\"><p>Z1=1 1\/2\u2033-12<\/p><p>Z2=M33\u00d71.5 \u00d7 33 \u00d7 1.5<\/p><\/td><td width=\"86\"><p>W1=\u06458<\/p><p>\u06482=\u064510<\/p><p>W3=\u06456<\/p><p>W4=3\/8<\/p><\/td><\/tr><\/tbody><\/table><p>\u00a0<\/p>\t\t\t\t\t\t\t\t<\/div>\n\t\t\t\t<\/div>\n\t\t\t\t\t<\/div>\n\t\t<\/div>\n\t\t\t\t\t<\/div>\n\t\t<\/section>\n\t\t\t\t<\/div>","protected":false},"excerpt":{"rendered":"<p>Previous Next PHFZ PP Pleated Water Filter Cartridge for Power Plant Boiler Condensate PHFZ series Pleated filter cartridge is a kind of Pleated filter cartridge that can be washed repeatedly. It is all formed by hot-melt welding, with no secondary pollution and no media shedding. It is specially designed for condensate refined treatment of power [&hellip;]<\/p>\n","protected":false},"author":1,"featured_media":0,"parent":0,"menu_order":0,"comment_status":"closed","ping_status":"closed","template":"","meta":{"_acf_changed":false,"_seopress_robots_primary_cat":"","_seopress_titles_title":"","_seopress_titles_desc":"","_seopress_robots_index":"","_uag_custom_page_level_css":"","site-sidebar-layout":"no-sidebar","site-content-layout":"page-builder","ast-site-content-layout":"default","site-content-style":"default","site-sidebar-style":"default","ast-global-header-display":"","ast-banner-title-visibility":"","ast-main-header-display":"","ast-hfb-above-header-display":"","ast-hfb-below-header-display":"","ast-hfb-mobile-header-display":"","site-post-title":"disabled","ast-breadcrumbs-content":"","ast-featured-img":"disabled","footer-sml-layout":"","theme-transparent-header-meta":"","adv-header-id-meta":"","stick-header-meta":"","header-above-stick-meta":"","header-main-stick-meta":"","header-below-stick-meta":"","astra-migrate-meta-layouts":"default","ast-page-background-enabled":"default","ast-page-background-meta":{"desktop":{"background-color":"","background-image":"","background-repeat":"repeat","background-position":"center center","background-size":"auto","background-attachment":"scroll","background-type":"","background-media":"","overlay-type":"","overlay-color":"","overlay-opacity":"","overlay-gradient":""},"tablet":{"background-color":"","background-image":"","background-repeat":"repeat","background-position":"center center","background-size":"auto","background-attachment":"scroll","background-type":"","background-media":"","overlay-type":"","overlay-color":"","overlay-opacity":"","overlay-gradient":""},"mobile":{"background-color":"","background-image":"","background-repeat":"repeat","background-position":"center center","background-size":"auto","background-attachment":"scroll","background-type":"","background-media":"","overlay-type":"","overlay-color":"","overlay-opacity":"","overlay-gradient":""}},"ast-content-background-meta":{"desktop":{"background-color":"var(--ast-global-color-5)","background-image":"","background-repeat":"repeat","background-position":"center center","background-size":"auto","background-attachment":"scroll","background-type":"","background-media":"","overlay-type":"","overlay-color":"","overlay-opacity":"","overlay-gradient":""},"tablet":{"background-color":"var(--ast-global-color-5)","background-image":"","background-repeat":"repeat","background-position":"center center","background-size":"auto","background-attachment":"scroll","background-type":"","background-media":"","overlay-type":"","overlay-color":"","overlay-opacity":"","overlay-gradient":""},"mobile":{"background-color":"var(--ast-global-color-5)","background-image":"","background-repeat":"repeat","background-position":"center center","background-size":"auto","background-attachment":"scroll","background-type":"","background-media":"","overlay-type":"","overlay-color":"","overlay-opacity":"","overlay-gradient":""}},"footnotes":""},"class_list":["post-2447","page","type-page","status-publish"],"acf":[],"uagb_featured_image_src":{"full":false,"thumbnail":false,"medium":false,"medium_large":false,"large":false,"1536x1536":false,"2048x2048":false,"trp-custom-language-flag":false},"uagb_author_info":{"display_name":"wpx_pullner","author_link":"https:\/\/www.staging.pullnerfilter.com\/ar\/author\/wpx_pullner\/"},"uagb_comment_info":0,"uagb_excerpt":"Previous Next PHFZ PP Pleated Water Filter Cartridge for Power Plant Boiler Condensate PHFZ series Pleated filter cartridge is a kind of Pleated filter cartridge that can be washed repeatedly. It is all formed by hot-melt welding, with no secondary pollution and no media shedding. It is specially designed for condensate refined treatment of power&hellip;","_links":{"self":[{"href":"https:\/\/www.staging.pullnerfilter.com\/ar\/wp-json\/wp\/v2\/pages\/2447","targetHints":{"allow":["GET"]}}],"collection":[{"href":"https:\/\/www.staging.pullnerfilter.com\/ar\/wp-json\/wp\/v2\/pages"}],"about":[{"href":"https:\/\/www.staging.pullnerfilter.com\/ar\/wp-json\/wp\/v2\/types\/page"}],"author":[{"embeddable":true,"href":"https:\/\/www.staging.pullnerfilter.com\/ar\/wp-json\/wp\/v2\/users\/1"}],"replies":[{"embeddable":true,"href":"https:\/\/www.staging.pullnerfilter.com\/ar\/wp-json\/wp\/v2\/comments?post=2447"}],"version-history":[{"count":8,"href":"https:\/\/www.staging.pullnerfilter.com\/ar\/wp-json\/wp\/v2\/pages\/2447\/revisions"}],"predecessor-version":[{"id":8634,"href":"https:\/\/www.staging.pullnerfilter.com\/ar\/wp-json\/wp\/v2\/pages\/2447\/revisions\/8634"}],"wp:attachment":[{"href":"https:\/\/www.staging.pullnerfilter.com\/ar\/wp-json\/wp\/v2\/media?parent=2447"}],"curies":[{"name":"wp","href":"https:\/\/api.w.org\/{rel}","templated":true}]}}